{"id":2208,"date":"2021-09-17T10:45:06","date_gmt":"2021-09-17T09:45:06","guid":{"rendered":"http:\/\/netzkante-ev.de\/wordpress\/?page_id=2208"},"modified":"2022-09-19T11:08:00","modified_gmt":"2022-09-19T11:08:00","slug":"netzkante-mixed-i","status":"publish","type":"page","link":"https:\/\/www.netzkante-ev.de\/volleyball-in-chemnitz\/volleyball-mannschaften\/netzkante-mixed-i\/","title":{"rendered":"Netzkante Mixed I"},"content":{"rendered":"<p><img loading=\"lazy\" decoding=\"async\" class=\"alignnone size-medium wp-image-3082 aligncenter\" src=\"https:\/\/www.netzkante-ev.de\/volleyball-in-chemnitz\/wp-content\/uploads\/2022\/09\/118938405_3674137812596589_1049930376929056442_n-300x225.jpg\" alt=\"\" width=\"300\" height=\"225\" srcset=\"https:\/\/www.netzkante-ev.de\/volleyball-in-chemnitz\/wp-content\/uploads\/2022\/09\/118938405_3674137812596589_1049930376929056442_n-300x225.jpg 300w, https:\/\/www.netzkante-ev.de\/volleyball-in-chemnitz\/wp-content\/uploads\/2022\/09\/118938405_3674137812596589_1049930376929056442_n-1024x768.jpg 1024w, https:\/\/www.netzkante-ev.de\/volleyball-in-chemnitz\/wp-content\/uploads\/2022\/09\/118938405_3674137812596589_1049930376929056442_n-768x576.jpg 768w, https:\/\/www.netzkante-ev.de\/volleyball-in-chemnitz\/wp-content\/uploads\/2022\/09\/118938405_3674137812596589_1049930376929056442_n.jpg 1440w\" sizes=\"auto, (max-width: 300px) 100vw, 300px\" \/><\/p>\n<p style=\"text-align: center;\">Auf dem Bild seht ihr unsere erste Mixed Mannschaft. Die ambitionierten Damen und Herren spielen jeweils bereits f\u00fcr eine Mannschaft von Netzkante und schlie\u00dfen sich, ohne Training, f\u00fcr die Mixed Spiele zusammen. Trotz fehlendem gemeinsamen Training spielt die Mannschaft harmonisch und kann h\u00e4ufig sehr gute Ergebnisse im Liga sowie Stadtpokal erzielen.<\/p>\n<p style=\"text-align: right;\"><a href=\"http:\/\/netzkante-ev.de\/wordpress\/volleyball-mannschaften\/\">Mannschaften<\/a><\/p>\n\n\n<p><\/p>\n","protected":false},"excerpt":{"rendered":"<p>Auf dem Bild seht ihr unsere erste Mixed Mannschaft. Die ambitionierten Damen und Herren spielen jeweils bereits f\u00fcr eine Mannschaft von Netzkante und schlie\u00dfen sich, ohne Training, f\u00fcr die Mixed Spiele zusammen. Trotz fehlendem gemeinsamen Training spielt die Mannschaft harmonisch und kann h\u00e4ufig sehr gute Ergebnisse im Liga sowie Stadtpokal erzielen. Mannschaften<\/p>\n","protected":false},"author":3,"featured_media":0,"parent":2287,"menu_order":0,"comment_status":"closed","ping_status":"closed","template":"","meta":{"footnotes":""},"class_list":["post-2208","page","type-page","status-publish","hentry"],"_links":{"self":[{"href":"https:\/\/www.netzkante-ev.de\/volleyball-in-chemnitz\/wp-json\/wp\/v2\/pages\/2208","targetHints":{"allow":["GET"]}}],"collection":[{"href":"https:\/\/www.netzkante-ev.de\/volleyball-in-chemnitz\/wp-json\/wp\/v2\/pages"}],"about":[{"href":"https:\/\/www.netzkante-ev.de\/volleyball-in-chemnitz\/wp-json\/wp\/v2\/types\/page"}],"author":[{"embeddable":true,"href":"https:\/\/www.netzkante-ev.de\/volleyball-in-chemnitz\/wp-json\/wp\/v2\/users\/3"}],"replies":[{"embeddable":true,"href":"https:\/\/www.netzkante-ev.de\/volleyball-in-chemnitz\/wp-json\/wp\/v2\/comments?post=2208"}],"version-history":[{"count":0,"href":"https:\/\/www.netzkante-ev.de\/volleyball-in-chemnitz\/wp-json\/wp\/v2\/pages\/2208\/revisions"}],"up":[{"embeddable":true,"href":"https:\/\/www.netzkante-ev.de\/volleyball-in-chemnitz\/wp-json\/wp\/v2\/pages\/2287"}],"wp:attachment":[{"href":"https:\/\/www.netzkante-ev.de\/volleyball-in-chemnitz\/wp-json\/wp\/v2\/media?parent=2208"}],"curies":[{"name":"wp","href":"https:\/\/api.w.org\/{rel}","templated":true}]}}