{"id":2288,"date":"2014-04-09T09:27:38","date_gmt":"2014-04-09T07:27:38","guid":{"rendered":"http:\/\/netzkante-ev.de\/wordpress\/?page_id=26"},"modified":"2024-05-27T15:33:27","modified_gmt":"2024-05-27T15:33:27","slug":"netzkante-ii","status":"publish","type":"page","link":"https:\/\/www.netzkante-ev.de\/volleyball-in-chemnitz\/volleyball-mannschaften\/netzkante-ii\/","title":{"rendered":"Netzkante II"},"content":{"rendered":"<p>&nbsp;<\/p>\n<div dir=\"auto\">\n<p style=\"text-align: center;\">Netzkante III wird zu Netzkante II. Nach der Zusammenlegung der ersten beiden Herrenmanschaften erh\u00e4lt unsere Dritte nun einen &#8222;neuen Namen&#8220;. Zuk\u00fcnftig sind sie die zweite Herrenmannschaft und m\u00fcssen sich ihre Trainingszeit nun nicht mehr teilen ;-).<\/p>\n<p style=\"text-align: center;\">Ein paar Spieler aus der ehemaligen Zweiten haben den Weg in die neue Zweite genommen und sollten somit das eine oder andere Spieleranzahlproblem stopfen.<\/p>\n<\/div>\n<div dir=\"auto\" style=\"text-align: center;\">Hinweis: Interessierte ben\u00f6tigen zwingend grundlegende F\u00e4higkeiten und Kenntnisse im Volleyball! Da wir ohne Trainer spielen fehlt uns leider die Zeit mit den Grundlagen zu beginnen. Eine vorherige Anmeldung zum Probetrainung ist zwingend notwendig! Dankesch\u00f6n !<\/div>\n<p style=\"text-align: center;\">In diesem Sinne <em>immer auf die Kante<\/em><\/p>\n<p style=\"text-align: center;\">Euer Sven<\/p>\n<p style=\"text-align: right;\"><a href=\"http:\/\/netzkante-ev.de\/wordpress\/volleyball-mannschaften\/\">Mannschaften<\/a><\/p>\n","protected":false},"excerpt":{"rendered":"<p>&nbsp; Netzkante III wird zu Netzkante II. Nach der Zusammenlegung der ersten beiden Herrenmanschaften erh\u00e4lt unsere Dritte nun einen &#8222;neuen Namen&#8220;. Zuk\u00fcnftig sind sie die zweite Herrenmannschaft und m\u00fcssen sich ihre Trainingszeit nun nicht mehr teilen ;-). Ein paar Spieler aus der ehemaligen Zweiten haben den Weg in die neue Zweite genommen und sollten somit [&hellip;]<\/p>\n","protected":false},"author":1,"featured_media":0,"parent":2287,"menu_order":13,"comment_status":"closed","ping_status":"closed","template":"","meta":{"footnotes":""},"class_list":["post-2288","page","type-page","status-publish","hentry"],"_links":{"self":[{"href":"https:\/\/www.netzkante-ev.de\/volleyball-in-chemnitz\/wp-json\/wp\/v2\/pages\/2288","targetHints":{"allow":["GET"]}}],"collection":[{"href":"https:\/\/www.netzkante-ev.de\/volleyball-in-chemnitz\/wp-json\/wp\/v2\/pages"}],"about":[{"href":"https:\/\/www.netzkante-ev.de\/volleyball-in-chemnitz\/wp-json\/wp\/v2\/types\/page"}],"author":[{"embeddable":true,"href":"https:\/\/www.netzkante-ev.de\/volleyball-in-chemnitz\/wp-json\/wp\/v2\/users\/1"}],"replies":[{"embeddable":true,"href":"https:\/\/www.netzkante-ev.de\/volleyball-in-chemnitz\/wp-json\/wp\/v2\/comments?post=2288"}],"version-history":[{"count":0,"href":"https:\/\/www.netzkante-ev.de\/volleyball-in-chemnitz\/wp-json\/wp\/v2\/pages\/2288\/revisions"}],"up":[{"embeddable":true,"href":"https:\/\/www.netzkante-ev.de\/volleyball-in-chemnitz\/wp-json\/wp\/v2\/pages\/2287"}],"wp:attachment":[{"href":"https:\/\/www.netzkante-ev.de\/volleyball-in-chemnitz\/wp-json\/wp\/v2\/media?parent=2288"}],"curies":[{"name":"wp","href":"https:\/\/api.w.org\/{rel}","templated":true}]}}